{"id":9415,"date":"2023-01-09T12:41:59","date_gmt":"2023-01-09T12:41:59","guid":{"rendered":"http:\/\/www.barcelonacentury.com\/habitaciones\/"},"modified":"2025-02-25T14:07:51","modified_gmt":"2025-02-25T14:07:51","slug":"habitacions","status":"publish","type":"page","link":"https:\/\/www.barcelonacentury.com\/ca\/habitacions\/","title":{"rendered":"Habitacions"},"content":{"rendered":"\t\t<div data-elementor-type=\"wp-page\" data-elementor-id=\"9415\" class=\"elementor elementor-9415 elementor-7471\">\n\t\t\t\t\t\t<section class=\"elementor-section elementor-top-section elementor-element elementor-element-3ef657f8 elementor-section-content-bottom elementor-section-full_width elementor-section-height-default elementor-section-height-default\" data-id=\"3ef657f8\" data-element_type=\"section\">\n\t\t\t\t\t\t<div class=\"elementor-container elementor-column-gap-default\">\n\t\t\t\t\t<div class=\"elementor-column elementor-col-100 elementor-top-column elementor-element elementor-element-6769bcc3\" data-id=\"6769bcc3\" data-element_type=\"column\">\n\t\t\t<div class=\"elementor-widget-wrap elementor-element-populated\">\n\t\t\t\t\t\t<div class=\"elementor-element elementor-element-f6cdce5 elementor-widget elementor-widget-heading\" data-id=\"f6cdce5\" data-element_type=\"widget\" data-widget_type=\"heading.default\">\n\t\t\t\t<div class=\"elementor-widget-container\">\n\t\t\t\t\t<h3 class=\"elementor-heading-title elementor-size-default\">HOTEL BARCELONA CENTURY<\/h3>\t\t\t\t<\/div>\n\t\t\t\t<\/div>\n\t\t\t\t<div class=\"elementor-element elementor-element-f31ccc1 elementor-widget elementor-widget-heading\" data-id=\"f31ccc1\" data-element_type=\"widget\" data-widget_type=\"heading.default\">\n\t\t\t\t<div class=\"elementor-widget-container\">\n\t\t\t\t\t<h1 class=\"elementor-heading-title elementor-size-default\">Habitacions<\/h1>\t\t\t\t<\/div>\n\t\t\t\t<\/div>\n\t\t\t\t<div class=\"elementor-element elementor-element-57a26678 elementor-widget elementor-widget-heading\" data-id=\"57a26678\" data-element_type=\"widget\" data-widget_type=\"heading.default\">\n\t\t\t\t<div class=\"elementor-widget-container\">\n\t\t\t\t\t<p class=\"elementor-heading-title elementor-size-default\">Barcelona Century \u00e9s un hotel amb encant al centre de Barcelona, \u200b\u200bamb habitacions noves, modernes i insonoritzades amb l\u00b4exterior.\n<\/p>\t\t\t\t<\/div>\n\t\t\t\t<\/div>\n\t\t\t\t<div class=\"elementor-element elementor-element-e52dd3b elementor-widget elementor-widget-shortcode\" data-id=\"e52dd3b\" data-element_type=\"widget\" data-settings=\"{&quot;_animation_tablet&quot;:&quot;fadeIn&quot;}\" data-widget_type=\"shortcode.default\">\n\t\t\t\t<div class=\"elementor-widget-container\">\n\t\t\t\t\t\t\t<div class=\"elementor-shortcode\"><script src=\"https:\/\/wis.upperbooking.com\/barcelonacentury\/be-panel?locale=ca\" async><\/script>\n<div class=\"be-panel\"><\/div><\/div>\n\t\t\t\t\t\t<\/div>\n\t\t\t\t<\/div>\n\t\t\t\t\t<\/div>\n\t\t<\/div>\n\t\t\t\t\t<\/div>\n\t\t<\/section>\n\t\t\t\t<section class=\"elementor-section elementor-top-section elementor-element elementor-element-113e1839 elementor-section-stretched elementor-section-boxed elementor-section-height-default elementor-section-height-default\" data-id=\"113e1839\" data-element_type=\"section\" data-settings=\"{&quot;stretch_section&quot;:&quot;section-stretched&quot;,&quot;background_background&quot;:&quot;classic&quot;}\">\n\t\t\t\t\t\t\t<div class=\"elementor-background-overlay\"><\/div>\n\t\t\t\t\t\t\t<div class=\"elementor-container elementor-column-gap-default\">\n\t\t\t\t\t<div class=\"elementor-column elementor-col-100 elementor-top-column elementor-element elementor-element-53618f61\" data-id=\"53618f61\" data-element_type=\"column\">\n\t\t\t<div class=\"elementor-widget-wrap elementor-element-populated\">\n\t\t\t\t\t\t<section class=\"elementor-section elementor-inner-section elementor-element elementor-element-96eaebf elementor-section-full_width elementor-section-height-default elementor-section-height-default\" data-id=\"96eaebf\" data-element_type=\"section\">\n\t\t\t\t\t\t<div class=\"elementor-container elementor-column-gap-default\">\n\t\t\t\t\t<div class=\"elementor-column elementor-col-33 elementor-inner-column elementor-element elementor-element-de393c1\" data-id=\"de393c1\" data-element_type=\"column\">\n\t\t\t<div class=\"elementor-widget-wrap elementor-element-populated\">\n\t\t\t\t\t\t<div class=\"elementor-element elementor-element-6f61c04 elementor-widget elementor-widget-image\" data-id=\"6f61c04\" data-element_type=\"widget\" data-widget_type=\"image.default\">\n\t\t\t\t<div class=\"elementor-widget-container\">\n\t\t\t\t\t\t\t\t\t\t\t\t\t\t\t\t<a href=\"http:\/\/www.barcelonacentury.com\/ca\/twin-sofa-llit\/\">\n\t\t\t\t\t\t\t<img fetchpriority=\"high\" decoding=\"async\" width=\"1050\" height=\"1050\" src=\"https:\/\/www.barcelonacentury.com\/wp-content\/uploads\/2023\/01\/Habitacion-Doble-Sofa-Cama.jpg\" class=\"attachment-full size-full wp-image-9047\" alt=\"\" srcset=\"https:\/\/www.barcelonacentury.com\/wp-content\/uploads\/2023\/01\/Habitacion-Doble-Sofa-Cama.jpg 1050w, https:\/\/www.barcelonacentury.com\/wp-content\/uploads\/2023\/01\/Habitacion-Doble-Sofa-Cama-300x300.jpg 300w, https:\/\/www.barcelonacentury.com\/wp-content\/uploads\/2023\/01\/Habitacion-Doble-Sofa-Cama-1024x1024.jpg 1024w, https:\/\/www.barcelonacentury.com\/wp-content\/uploads\/2023\/01\/Habitacion-Doble-Sofa-Cama-150x150.jpg 150w, https:\/\/www.barcelonacentury.com\/wp-content\/uploads\/2023\/01\/Habitacion-Doble-Sofa-Cama-768x768.jpg 768w, https:\/\/www.barcelonacentury.com\/wp-content\/uploads\/2023\/01\/Habitacion-Doble-Sofa-Cama-720x720.jpg 720w\" sizes=\"(max-width: 1050px) 100vw, 1050px\" \/>\t\t\t\t\t\t\t\t<\/a>\n\t\t\t\t\t\t\t\t\t\t\t\t\t\t\t<\/div>\n\t\t\t\t<\/div>\n\t\t\t\t<div class=\"elementor-element elementor-element-ce6b2ef elementor-widget elementor-widget-heading\" data-id=\"ce6b2ef\" data-element_type=\"widget\" data-widget_type=\"heading.default\">\n\t\t\t\t<div class=\"elementor-widget-container\">\n\t\t\t\t\t<h3 class=\"elementor-heading-title elementor-size-default\"><a href=\"http:\/\/www.barcelonacentury.com\/ca\/twin-sofa-llit\/\">Habitaci\u00f3 Twin amb <br>sof\u00e1 llit\n<\/a><\/h3>\t\t\t\t<\/div>\n\t\t\t\t<\/div>\n\t\t\t\t<div class=\"elementor-element elementor-element-430f23c elementor-widget elementor-widget-heading\" data-id=\"430f23c\" data-element_type=\"widget\" data-widget_type=\"heading.default\">\n\t\t\t\t<div class=\"elementor-widget-container\">\n\t\t\t\t\t<p class=\"elementor-heading-title elementor-size-default\">22 m2\n<\/p>\t\t\t\t<\/div>\n\t\t\t\t<\/div>\n\t\t\t\t\t<\/div>\n\t\t<\/div>\n\t\t\t\t<div class=\"elementor-column elementor-col-33 elementor-inner-column elementor-element elementor-element-873fde1\" data-id=\"873fde1\" data-element_type=\"column\">\n\t\t\t<div class=\"elementor-widget-wrap elementor-element-populated\">\n\t\t\t\t\t\t<div class=\"elementor-element elementor-element-d19fd62 elementor-widget elementor-widget-image\" data-id=\"d19fd62\" data-element_type=\"widget\" data-widget_type=\"image.default\">\n\t\t\t\t<div class=\"elementor-widget-container\">\n\t\t\t\t\t\t\t\t\t\t\t\t\t\t\t\t<a href=\"http:\/\/www.barcelonacentury.com\/ca\/doble-matrimoni\/\">\n\t\t\t\t\t\t\t<img decoding=\"async\" width=\"600\" height=\"600\" src=\"https:\/\/www.barcelonacentury.com\/wp-content\/uploads\/2023\/01\/Habitaciones-century-hotel4.jpg\" class=\"attachment-full size-full wp-image-9063\" alt=\"\" srcset=\"https:\/\/www.barcelonacentury.com\/wp-content\/uploads\/2023\/01\/Habitaciones-century-hotel4.jpg 600w, https:\/\/www.barcelonacentury.com\/wp-content\/uploads\/2023\/01\/Habitaciones-century-hotel4-300x300.jpg 300w, https:\/\/www.barcelonacentury.com\/wp-content\/uploads\/2023\/01\/Habitaciones-century-hotel4-150x150.jpg 150w\" sizes=\"(max-width: 600px) 100vw, 600px\" \/>\t\t\t\t\t\t\t\t<\/a>\n\t\t\t\t\t\t\t\t\t\t\t\t\t\t\t<\/div>\n\t\t\t\t<\/div>\n\t\t\t\t<div class=\"elementor-element elementor-element-cd09d33 elementor-widget elementor-widget-heading\" data-id=\"cd09d33\" data-element_type=\"widget\" data-widget_type=\"heading.default\">\n\t\t\t\t<div class=\"elementor-widget-container\">\n\t\t\t\t\t<h3 class=\"elementor-heading-title elementor-size-default\"><a href=\"http:\/\/www.barcelonacentury.com\/ca\/doble-matrimoni\/\">Habitaci\u00f3 Doble <br>Matrimoni<\/a><\/h3>\t\t\t\t<\/div>\n\t\t\t\t<\/div>\n\t\t\t\t<div class=\"elementor-element elementor-element-c3c791b elementor-widget elementor-widget-heading\" data-id=\"c3c791b\" data-element_type=\"widget\" data-widget_type=\"heading.default\">\n\t\t\t\t<div class=\"elementor-widget-container\">\n\t\t\t\t\t<p class=\"elementor-heading-title elementor-size-default\">15 m2<\/p>\t\t\t\t<\/div>\n\t\t\t\t<\/div>\n\t\t\t\t\t<\/div>\n\t\t<\/div>\n\t\t\t\t<div class=\"elementor-column elementor-col-33 elementor-inner-column elementor-element elementor-element-655caad\" data-id=\"655caad\" data-element_type=\"column\">\n\t\t\t<div class=\"elementor-widget-wrap elementor-element-populated\">\n\t\t\t\t\t\t<div class=\"elementor-element elementor-element-5017c7e elementor-widget elementor-widget-image\" data-id=\"5017c7e\" data-element_type=\"widget\" data-widget_type=\"image.default\">\n\t\t\t\t<div class=\"elementor-widget-container\">\n\t\t\t\t\t\t\t\t\t\t\t\t\t\t\t\t<a href=\"http:\/\/www.barcelonacentury.com\/ca\/twin-estandar\/\">\n\t\t\t\t\t\t\t<img decoding=\"async\" width=\"600\" height=\"600\" src=\"https:\/\/www.barcelonacentury.com\/wp-content\/uploads\/2023\/01\/Dobleestandard.jpg\" class=\"attachment-full size-full wp-image-9067\" alt=\"\" srcset=\"https:\/\/www.barcelonacentury.com\/wp-content\/uploads\/2023\/01\/Dobleestandard.jpg 600w, https:\/\/www.barcelonacentury.com\/wp-content\/uploads\/2023\/01\/Dobleestandard-300x300.jpg 300w, https:\/\/www.barcelonacentury.com\/wp-content\/uploads\/2023\/01\/Dobleestandard-150x150.jpg 150w\" sizes=\"(max-width: 600px) 100vw, 600px\" \/>\t\t\t\t\t\t\t\t<\/a>\n\t\t\t\t\t\t\t\t\t\t\t\t\t\t\t<\/div>\n\t\t\t\t<\/div>\n\t\t\t\t<div class=\"elementor-element elementor-element-92b06d4 elementor-widget elementor-widget-heading\" data-id=\"92b06d4\" data-element_type=\"widget\" data-widget_type=\"heading.default\">\n\t\t\t\t<div class=\"elementor-widget-container\">\n\t\t\t\t\t<h3 class=\"elementor-heading-title elementor-size-default\"><a href=\"http:\/\/www.barcelonacentury.com\/ca\/twin-estandar\/\">Habitaci\u00f3 Twin <br>Est\u00e1ndar<\/a><\/h3>\t\t\t\t<\/div>\n\t\t\t\t<\/div>\n\t\t\t\t<div class=\"elementor-element elementor-element-c25c860 elementor-widget elementor-widget-heading\" data-id=\"c25c860\" data-element_type=\"widget\" data-widget_type=\"heading.default\">\n\t\t\t\t<div class=\"elementor-widget-container\">\n\t\t\t\t\t<p class=\"elementor-heading-title elementor-size-default\">18 m2<\/p>\t\t\t\t<\/div>\n\t\t\t\t<\/div>\n\t\t\t\t\t<\/div>\n\t\t<\/div>\n\t\t\t\t\t<\/div>\n\t\t<\/section>\n\t\t\t\t<section class=\"elementor-section elementor-inner-section elementor-element elementor-element-3e0e85fe elementor-section-full_width elementor-section-height-default elementor-section-height-default\" data-id=\"3e0e85fe\" data-element_type=\"section\">\n\t\t\t\t\t\t<div class=\"elementor-container elementor-column-gap-default\">\n\t\t\t\t\t<div class=\"elementor-column elementor-col-33 elementor-inner-column elementor-element elementor-element-7541931\" data-id=\"7541931\" data-element_type=\"column\">\n\t\t\t<div class=\"elementor-widget-wrap elementor-element-populated\">\n\t\t\t\t\t\t<div class=\"elementor-element elementor-element-095fef3 elementor-widget elementor-widget-image\" data-id=\"095fef3\" data-element_type=\"widget\" data-widget_type=\"image.default\">\n\t\t\t\t<div class=\"elementor-widget-container\">\n\t\t\t\t\t\t\t\t\t\t\t\t\t\t\t\t<a href=\"https:\/\/www.barcelonacentury.com\/ca\/habitacion-doble-jacuzzi\/\">\n\t\t\t\t\t\t\t<img loading=\"lazy\" decoding=\"async\" width=\"600\" height=\"600\" src=\"https:\/\/www.barcelonacentury.com\/wp-content\/uploads\/2025\/02\/HABITACION-CON-JACUZZI.jpg\" class=\"attachment-full size-full wp-image-11156\" alt=\"\" srcset=\"https:\/\/www.barcelonacentury.com\/wp-content\/uploads\/2025\/02\/HABITACION-CON-JACUZZI.jpg 600w, https:\/\/www.barcelonacentury.com\/wp-content\/uploads\/2025\/02\/HABITACION-CON-JACUZZI-300x300.jpg 300w, https:\/\/www.barcelonacentury.com\/wp-content\/uploads\/2025\/02\/HABITACION-CON-JACUZZI-150x150.jpg 150w\" sizes=\"(max-width: 600px) 100vw, 600px\" \/>\t\t\t\t\t\t\t\t<\/a>\n\t\t\t\t\t\t\t\t\t\t\t\t\t\t\t<\/div>\n\t\t\t\t<\/div>\n\t\t\t\t<div class=\"elementor-element elementor-element-b0bf6f9 elementor-widget elementor-widget-heading\" data-id=\"b0bf6f9\" data-element_type=\"widget\" data-widget_type=\"heading.default\">\n\t\t\t\t<div class=\"elementor-widget-container\">\n\t\t\t\t\t<h3 class=\"elementor-heading-title elementor-size-default\"><a href=\"https:\/\/www.barcelonacentury.com\/ca\/habitacion-doble-jacuzzi\/\">Habitaci\u00f3 <br>Deluxe<\/a><\/h3>\t\t\t\t<\/div>\n\t\t\t\t<\/div>\n\t\t\t\t<div class=\"elementor-element elementor-element-6c216fa elementor-widget elementor-widget-heading\" data-id=\"6c216fa\" data-element_type=\"widget\" data-widget_type=\"heading.default\">\n\t\t\t\t<div class=\"elementor-widget-container\">\n\t\t\t\t\t<p class=\"elementor-heading-title elementor-size-default\">18 m2<\/p>\t\t\t\t<\/div>\n\t\t\t\t<\/div>\n\t\t\t\t\t<\/div>\n\t\t<\/div>\n\t\t\t\t<div class=\"elementor-column elementor-col-33 elementor-inner-column elementor-element elementor-element-7b43b3d2\" data-id=\"7b43b3d2\" data-element_type=\"column\">\n\t\t\t<div class=\"elementor-widget-wrap elementor-element-populated\">\n\t\t\t\t\t\t<div class=\"elementor-element elementor-element-143a3689 elementor-widget elementor-widget-image\" data-id=\"143a3689\" data-element_type=\"widget\" data-widget_type=\"image.default\">\n\t\t\t\t<div class=\"elementor-widget-container\">\n\t\t\t\t\t\t\t\t\t\t\t\t\t\t\t\t<a href=\"http:\/\/www.barcelonacentury.com\/ca\/individual\/\">\n\t\t\t\t\t\t\t<img loading=\"lazy\" decoding=\"async\" width=\"600\" height=\"600\" src=\"https:\/\/www.barcelonacentury.com\/wp-content\/uploads\/2023\/01\/Habitaciones-century-hotel2.jpg\" class=\"attachment-full size-full wp-image-9055\" alt=\"\" srcset=\"https:\/\/www.barcelonacentury.com\/wp-content\/uploads\/2023\/01\/Habitaciones-century-hotel2.jpg 600w, https:\/\/www.barcelonacentury.com\/wp-content\/uploads\/2023\/01\/Habitaciones-century-hotel2-300x300.jpg 300w, https:\/\/www.barcelonacentury.com\/wp-content\/uploads\/2023\/01\/Habitaciones-century-hotel2-150x150.jpg 150w\" sizes=\"(max-width: 600px) 100vw, 600px\" \/>\t\t\t\t\t\t\t\t<\/a>\n\t\t\t\t\t\t\t\t\t\t\t\t\t\t\t<\/div>\n\t\t\t\t<\/div>\n\t\t\t\t<div class=\"elementor-element elementor-element-0254658 elementor-widget elementor-widget-heading\" data-id=\"0254658\" data-element_type=\"widget\" data-widget_type=\"heading.default\">\n\t\t\t\t<div class=\"elementor-widget-container\">\n\t\t\t\t\t<h3 class=\"elementor-heading-title elementor-size-default\"><a href=\"http:\/\/www.barcelonacentury.com\/ca\/individual\/\">Habitaci\u00f3 <br>Individual\n<\/a><\/h3>\t\t\t\t<\/div>\n\t\t\t\t<\/div>\n\t\t\t\t<div class=\"elementor-element elementor-element-c1f6c4a elementor-widget elementor-widget-heading\" data-id=\"c1f6c4a\" data-element_type=\"widget\" data-widget_type=\"heading.default\">\n\t\t\t\t<div class=\"elementor-widget-container\">\n\t\t\t\t\t<p class=\"elementor-heading-title elementor-size-default\">11 m2<\/p>\t\t\t\t<\/div>\n\t\t\t\t<\/div>\n\t\t\t\t\t<\/div>\n\t\t<\/div>\n\t\t\t\t<div class=\"elementor-column elementor-col-33 elementor-inner-column elementor-element elementor-element-4465b6b\" data-id=\"4465b6b\" data-element_type=\"column\">\n\t\t\t<div class=\"elementor-widget-wrap elementor-element-populated\">\n\t\t\t\t\t\t<div class=\"elementor-element elementor-element-d3e672d elementor-widget elementor-widget-image\" data-id=\"d3e672d\" data-element_type=\"widget\" data-widget_type=\"image.default\">\n\t\t\t\t<div class=\"elementor-widget-container\">\n\t\t\t\t\t\t\t\t\t\t\t\t\t\t\t\t<a href=\"http:\/\/www.barcelonacentury.com\/ca\/individual\/\">\n\t\t\t\t\t\t\t<img loading=\"lazy\" decoding=\"async\" width=\"600\" height=\"600\" src=\"https:\/\/www.barcelonacentury.com\/wp-content\/uploads\/2023\/01\/Habitaciones-century-hotel2.jpg\" class=\"attachment-full size-full wp-image-9055\" alt=\"\" srcset=\"https:\/\/www.barcelonacentury.com\/wp-content\/uploads\/2023\/01\/Habitaciones-century-hotel2.jpg 600w, https:\/\/www.barcelonacentury.com\/wp-content\/uploads\/2023\/01\/Habitaciones-century-hotel2-300x300.jpg 300w, https:\/\/www.barcelonacentury.com\/wp-content\/uploads\/2023\/01\/Habitaciones-century-hotel2-150x150.jpg 150w\" sizes=\"(max-width: 600px) 100vw, 600px\" \/>\t\t\t\t\t\t\t\t<\/a>\n\t\t\t\t\t\t\t\t\t\t\t\t\t\t\t<\/div>\n\t\t\t\t<\/div>\n\t\t\t\t<div class=\"elementor-element elementor-element-50d81f8 elementor-widget elementor-widget-heading\" data-id=\"50d81f8\" data-element_type=\"widget\" data-widget_type=\"heading.default\">\n\t\t\t\t<div class=\"elementor-widget-container\">\n\t\t\t\t\t<h3 class=\"elementor-heading-title elementor-size-default\"><a href=\"http:\/\/www.barcelonacentury.com\/ca\/individual\/\">Habitaci\u00f3 <br>Individual\n<\/a><\/h3>\t\t\t\t<\/div>\n\t\t\t\t<\/div>\n\t\t\t\t<div class=\"elementor-element elementor-element-badff07 elementor-widget elementor-widget-heading\" data-id=\"badff07\" data-element_type=\"widget\" data-widget_type=\"heading.default\">\n\t\t\t\t<div class=\"elementor-widget-container\">\n\t\t\t\t\t<p class=\"elementor-heading-title elementor-size-default\">11 m2<\/p>\t\t\t\t<\/div>\n\t\t\t\t<\/div>\n\t\t\t\t\t<\/div>\n\t\t<\/div>\n\t\t\t\t\t<\/div>\n\t\t<\/section>\n\t\t\t\t\t<\/div>\n\t\t<\/div>\n\t\t\t\t\t<\/div>\n\t\t<\/section>\n\t\t\t\t<section class=\"elementor-section elementor-top-section elementor-element elementor-element-541ec92 elementor-section-stretched elementor-section-boxed elementor-section-height-default elementor-section-height-default\" data-id=\"541ec92\" data-element_type=\"section\" data-settings=\"{&quot;stretch_section&quot;:&quot;section-stretched&quot;,&quot;background_background&quot;:&quot;classic&quot;}\">\n\t\t\t\t\t\t<div class=\"elementor-container elementor-column-gap-default\">\n\t\t\t\t\t<div class=\"elementor-column elementor-col-50 elementor-top-column elementor-element elementor-element-e84678d elementor-invisible\" data-id=\"e84678d\" data-element_type=\"column\" data-settings=\"{&quot;background_background&quot;:&quot;classic&quot;,&quot;animation&quot;:&quot;fadeInRight&quot;}\">\n\t\t\t<div class=\"elementor-widget-wrap elementor-element-populated\">\n\t\t\t\t\t<div class=\"elementor-background-overlay\"><\/div>\n\t\t\t\t\t\t<section class=\"elementor-section elementor-inner-section elementor-element elementor-element-fa771e8 elementor-section-boxed elementor-section-height-default elementor-section-height-default\" data-id=\"fa771e8\" data-element_type=\"section\" data-settings=\"{&quot;background_background&quot;:&quot;classic&quot;}\">\n\t\t\t\t\t\t<div class=\"elementor-container elementor-column-gap-default\">\n\t\t\t\t\t<div class=\"elementor-column elementor-col-100 elementor-inner-column elementor-element elementor-element-937d3d0\" data-id=\"937d3d0\" data-element_type=\"column\" data-settings=\"{&quot;background_background&quot;:&quot;classic&quot;}\">\n\t\t\t<div class=\"elementor-widget-wrap elementor-element-populated\">\n\t\t\t\t\t\t<div class=\"elementor-element elementor-element-44d6185 elementor-widget elementor-widget-heading\" data-id=\"44d6185\" data-element_type=\"widget\" data-widget_type=\"heading.default\">\n\t\t\t\t<div class=\"elementor-widget-container\">\n\t\t\t\t\t<h6 class=\"elementor-heading-title elementor-size-default\">Reserva ja i aconsegueix<\/h6>\t\t\t\t<\/div>\n\t\t\t\t<\/div>\n\t\t\t\t<div class=\"elementor-element elementor-element-2a1b77f elementor-widget elementor-widget-heading\" data-id=\"2a1b77f\" data-element_type=\"widget\" data-widget_type=\"heading.default\">\n\t\t\t\t<div class=\"elementor-widget-container\">\n\t\t\t\t\t<h2 class=\"elementor-heading-title elementor-size-default\">15<span style=\"font-size: 50px\">%<\/span><\/h2>\t\t\t\t<\/div>\n\t\t\t\t<\/div>\n\t\t\t\t<div class=\"elementor-element elementor-element-e064331 elementor-widget elementor-widget-heading\" data-id=\"e064331\" data-element_type=\"widget\" data-widget_type=\"heading.default\">\n\t\t\t\t<div class=\"elementor-widget-container\">\n\t\t\t\t\t<p class=\"elementor-heading-title elementor-size-default\">USANT AQUEST CODI: BESTOFFER2023<\/p>\t\t\t\t<\/div>\n\t\t\t\t<\/div>\n\t\t\t\t<div class=\"elementor-element elementor-element-67a58d5 elementor-align-center elementor-tablet-align-center elementor-mobile-align-center elementor-widget elementor-widget-button\" data-id=\"67a58d5\" data-element_type=\"widget\" data-widget_type=\"button.default\">\n\t\t\t\t<div class=\"elementor-widget-container\">\n\t\t\t\t\t\t\t\t\t<div class=\"elementor-button-wrapper\">\n\t\t\t\t\t<a class=\"elementor-button elementor-button-link elementor-size-sm elementor-animation-shrink\" href=\"#\">\n\t\t\t\t\t\t<span class=\"elementor-button-content-wrapper\">\n\t\t\t\t\t\t\t\t\t<span class=\"elementor-button-text\">Vull aquesta oferta!<\/span>\n\t\t\t\t\t<\/span>\n\t\t\t\t\t<\/a>\n\t\t\t\t<\/div>\n\t\t\t\t\t\t\t\t<\/div>\n\t\t\t\t<\/div>\n\t\t\t\t\t<\/div>\n\t\t<\/div>\n\t\t\t\t\t<\/div>\n\t\t<\/section>\n\t\t\t\t\t<\/div>\n\t\t<\/div>\n\t\t\t\t<div class=\"elementor-column elementor-col-50 elementor-top-column elementor-element elementor-element-c653e48\" data-id=\"c653e48\" data-element_type=\"column\">\n\t\t\t<div class=\"elementor-widget-wrap\">\n\t\t\t\t\t\t\t<\/div>\n\t\t<\/div>\n\t\t\t\t\t<\/div>\n\t\t<\/section>\n\t\t\t\t<\/div>\n\t\t","protected":false},"excerpt":{"rendered":"<p>HOTEL BARCELONA CENTURY Habitacions Barcelona Century \u00e9s un hotel amb encant al centre de Barcelona, \u200b\u200bamb habitacions noves, modernes i insonoritzades amb l\u00b4exterior. Habitaci\u00f3 Twin amb sof\u00e1 llit 22 m2 Habitaci\u00f3 Doble Matrimoni 15 m2 Habitaci\u00f3 Twin Est\u00e1ndar 18 m2 Habitaci\u00f3 Deluxe 18 m2 Habitaci\u00f3 Individual 11 m2 Habitaci\u00f3 Individual 11 m2 Reserva ja i [&hellip;]<\/p>\n","protected":false},"author":1,"featured_media":0,"parent":0,"menu_order":0,"comment_status":"closed","ping_status":"closed","template":"","meta":{"footnotes":""},"class_list":["post-9415","page","type-page","status-publish","hentry"],"_links":{"self":[{"href":"https:\/\/www.barcelonacentury.com\/ca\/wp-json\/wp\/v2\/pages\/9415","targetHints":{"allow":["GET"]}}],"collection":[{"href":"https:\/\/www.barcelonacentury.com\/ca\/wp-json\/wp\/v2\/pages"}],"about":[{"href":"https:\/\/www.barcelonacentury.com\/ca\/wp-json\/wp\/v2\/types\/page"}],"author":[{"embeddable":true,"href":"https:\/\/www.barcelonacentury.com\/ca\/wp-json\/wp\/v2\/users\/1"}],"replies":[{"embeddable":true,"href":"https:\/\/www.barcelonacentury.com\/ca\/wp-json\/wp\/v2\/comments?post=9415"}],"version-history":[{"count":16,"href":"https:\/\/www.barcelonacentury.com\/ca\/wp-json\/wp\/v2\/pages\/9415\/revisions"}],"predecessor-version":[{"id":11168,"href":"https:\/\/www.barcelonacentury.com\/ca\/wp-json\/wp\/v2\/pages\/9415\/revisions\/11168"}],"wp:attachment":[{"href":"https:\/\/www.barcelonacentury.com\/ca\/wp-json\/wp\/v2\/media?parent=9415"}],"curies":[{"name":"wp","href":"https:\/\/api.w.org\/{rel}","templated":true}]}}